{"id":4273,"date":"2018-12-11T12:33:30","date_gmt":"2018-12-11T17:33:30","guid":{"rendered":"https:\/\/www.bocasdelmar.com\/mini-crucero-a-islas-y-playas\/"},"modified":"2025-02-25T14:40:04","modified_gmt":"2025-02-25T19:40:04","slug":"mini-croisiere-vers-les-iles-et-plages","status":"publish","type":"page","link":"https:\/\/www.bocasdelmar.com\/fr\/mini-croisiere-vers-les-iles-et-plages\/","title":{"rendered":"Mini-croisi\u00e8re vers les \u00eeles et plages"},"content":{"rendered":"<div class=\"wpb-content-wrapper\"><p>[vc_row css=\u00a0\u00bb.vc_custom_1547494104387{margin-right: 0px !important;margin-left: 0px !important;padding-bottom: 35px !important;}\u00a0\u00bb][vc_column]<div id=\"ultimate-heading-452469f4382a032de\" class=\"uvc-heading ult-adjust-bottom-margin ultimate-heading-452469f4382a032de uvc-6950 \" data-hspacer=\"image_only\"  data-halign=\"center\" style=\"text-align:center\"><div class=\"uvc-main-heading ult-responsive\"  data-ultimate-target='.uvc-heading.ultimate-heading-452469f4382a032de h1'  data-responsive-json-new='{\"font-size\":\"desktop:40px;tablet:25px;tablet_portrait:25px;mobile_landscape:25px;mobile:25px;\",\"line-height\":\"desktop:65px;tablet:65px;tablet_portrait:45px;mobile_landscape:45px;mobile:45px;\"}' ><h1 style=\"font-weight:bold;color:#62aadd;\">Mini-croisi\u00e8re vers les \u00eeles et plages<\/h1><\/div><div class=\"uvc-heading-spacer image_only\" style=\"top\"><img decoding=\"async\" src=\"https:\/\/www.bocasdelmar.com\/wp-content\/uploads\/2018\/08\/sep.png\" class=\"ultimate-headings-icon-image\" alt=\"null\" style=\"\"\/><\/div><\/div>[vc_column_text css=\u00a0\u00bb.vc_custom_1740512391934{margin-right: 10px !important;margin-left: 10px !important;padding-top: 15px !important;}\u00a0\u00bb]Optez pour notre circuit \u201cd\u00e9couverte\u201d de 4 heures dans un de notre confortable bateau au d\u00e9part de notre propre embarcad\u00e8re. Profitez de la beaut\u00e9 sauvage du parc national marin du golf de Chiriqui accompagn\u00e9 d\u2019un de nos capitaines natifs de la r\u00e9gion. Caress\u00e9 par le vent du large, vous d\u00e9couvrirez outre une abondante faune marine, des \u00eeles paradisiaques vierges au sable immacul\u00e9. D\u00e9barquez (en fonction de la p\u00e9riode de l\u2019ann\u00e9e) sur deux \u00eeles ;<\/p>\n<ul>\n<li>L\u2019\u00eele magnifique de Bolanos pour une s\u00e9ance de baignade.&nbsp; Nous fournissons les masques et tubas.<\/li>\n<li>La fabuleuse \u00eele de Gamez pour une s\u00e9ance de relaxation tropicale (vous pouvez r\u00e9servez un pique-nique \u00e0 d\u00e9guster sur place).<\/li>\n<li>Au gr\u00e9 de votre navigation (bateau 8m) dans cet extraordinaire archipel, vous aurez probablement l\u2019occasion d\u2019admirer parmi la faune marine, des dauphins, des tortues, des raies mantas et autres poissons volants.<\/li>\n<\/ul>\n<p>D\u00e9part; 9 h<\/p>\n<p>Tarifs :<br \/>\nAdultes : 79 USD<br \/>\nEnfants 6-14 : 35 USD<br \/>\nEnfants \u2013 de 6 ans : 0<br \/>\nDes tarifs groupe et famille nombreuse sont disponibles.<br \/>\n<em><span style=\"font-size: 12px;\">(Taxes 7% non inclus)<\/span><\/em><\/p>\n<p><strong>Des excursions \u00e0 la carte dans la r\u00e9serve marine du parc national ou \u00e0 destination des \u00eeles Secas sont \u00e9galement disponibles sur demande.<\/strong>[\/vc_column_text][vc_column_text css=\u00a0\u00bb.vc_custom_1559141563092{padding-top: 15px !important;}\u00a0\u00bb]ngg_shortcode_0_placeholder[\/vc_column_text][\/vc_column][\/vc_row][vc_row css=\u00a0\u00bb.vc_custom_1545301168564{padding-right: 15px !important;padding-bottom: 45px !important;padding-left: 15px !important;}\u00a0\u00bb][vc_column width=\u00a0\u00bb1\/3&Prime;][\/vc_column][vc_column width=\u00a0\u00bb1\/3&Prime;]<style type=\"text\/css\">#dt-btn-1 {color: #62aadd;}#dt-btn-1 > .text-wrap * {color: #62aadd;}<\/style><div class=\"text-centered\"><a href=\"https:\/\/www.bocasdelmar.com\/fr\/toutes-les-activites\/\" class=\"btn-shortcode dt-btn-m dt-btn outline-bg-btn custom-btn-color default-btn-hover-color accent-btn-bg-color accent-btn-bg-hover-color\" id=\"dt-btn-1\"><i class=\"fa fa-arrow-left\"><\/i><span>RETOUR \u00c0 TOUTES LES ACTIVIT\u00c9S<\/span><\/a><\/div>[\/vc_column][vc_column width=\u00a0\u00bb1\/3&Prime;][\/vc_column][\/vc_row][vc_row equal_height=\u00a0\u00bbyes\u00a0\u00bb parallax=\u00a0\u00bbcontent-moving\u00a0\u00bb bg_type=\u00a0\u00bbimage\u00a0\u00bb parallax_style=\u00a0\u00bbvcpb-default\u00a0\u00bb bg_image_new=\u00a0\u00bbid^1028|url^https:\/\/www.bocasdelmar.com\/wp-content\/uploads\/2018\/08\/fondo_home_act.jpg|caption^null|alt^null|title^fondo_home_act|description^null\u00a0\u00bb bg_image_repeat=\u00a0\u00bbno-repeat\u00a0\u00bb bg_override=\u00a0\u00bbex-full\u00a0\u00bb enable_overlay=\u00a0\u00bbenable_overlay_value\u00a0\u00bb][vc_column width=\u00a0\u00bb1\/4&Prime;][\/vc_column][vc_column width=\u00a0\u00bb1\/2&Prime; css=\u00a0\u00bb.vc_custom_1547478433749{margin-right: 20px !important;margin-left: 20px !important;padding-top: 60px !important;padding-bottom: 60px !important;}\u00a0\u00bb]<div id=\"ultimate-heading-48169f4382a0343c\" class=\"uvc-heading ult-adjust-bottom-margin ultimate-heading-48169f4382a0343c uvc-9446 \" data-hspacer=\"image_only\"  data-halign=\"center\" style=\"text-align:center\"><div class=\"uvc-main-heading ult-responsive\"  data-ultimate-target='.uvc-heading.ultimate-heading-48169f4382a0343c h2'  data-responsive-json-new='{\"font-size\":\"desktop:38px;tablet:25px;tablet_portrait:25px;mobile_landscape:25px;mobile:25px;\",\"line-height\":\"desktop:65px;tablet:65px;tablet_portrait:45px;mobile_landscape:45px;mobile:45px;\"}' ><h2 style=\"font-weight:bold;color:#ffffff;\">R\u00c9SERVEZ MAINTENANT<\/h2><\/div><div class=\"uvc-heading-spacer image_only\" style=\"top\"><img decoding=\"async\" src=\"https:\/\/www.bocasdelmar.com\/wp-content\/uploads\/2018\/08\/sep.png\" class=\"ultimate-headings-icon-image\" alt=\"null\" style=\"\"\/><\/div><\/div>[vc_column_text css=\u00a0\u00bb.vc_custom_1559047981058{margin-right: 20px !important;margin-left: 20px !important;padding-top: 25px !important;padding-bottom: 25px !important;}\u00a0\u00bb]<\/p>\n<p style=\"text-align: center;\"><span style=\"color: #ffffff;\">Si vous souhaitez vous renseigner sur nos disponibilit\u00e9s ainsi que sur nos tarifs \u00e0 partir de la p\u00e9riode s\u00e9lectionn\u00e9e ou si vous souhaitez r\u00e9server directement en ligne en toute s\u00e9curit\u00e9 et b\u00e9n\u00e9ficier de nos meilleurs tarifs, rendez vous sur la page r\u00e9servation de notre site.<\/span><\/p>\n<p>[\/vc_column_text]<style type=\"text\/css\">#dt-btn-2 {color: #ffffff;border-color: #ffffff;}#dt-btn-2 > .text-wrap * {color: #ffffff;}<\/style><div class=\"text-centered\"><a href=\"https:\/\/app.thebookingbutton.com\/properties\/boc8403?locale=fr\" class=\"btn-shortcode dt-btn-m dt-btn outline-bg-btn custom-btn-color default-btn-hover-color accent-btn-bg-hover-color fadeIn animate-element animation-builder anchor-link\" target=\"_blank\" id=\"dt-btn-2\" rel=\"noopener\"><span>RECHERCHEZ LE MEILLEUR TARIF<\/span><\/a><\/div>[\/vc_column][vc_column width=\u00a0\u00bb1\/4&Prime;][\/vc_column][\/vc_row][vc_row css=\u00a0\u00bb.vc_custom_1543689804420{margin-right: 15px !important;margin-left: 15px !important;padding-top: 35px !important;}\u00a0\u00bb][vc_column width=\u00a0\u00bb1\/2&Prime;]<div id=\"ultimate-heading-417469f4382a034ef\" class=\"uvc-heading ult-adjust-bottom-margin ultimate-heading-417469f4382a034ef uvc-1992 \" data-hspacer=\"image_only\"  data-halign=\"center\" style=\"text-align:center\"><div class=\"uvc-main-heading ult-responsive\"  data-ultimate-target='.uvc-heading.ultimate-heading-417469f4382a034ef h2'  data-responsive-json-new='{\"font-size\":\"desktop:30px;tablet:25px;tablet_portrait:25px;mobile_landscape:25px;mobile:25px;\",\"line-height\":\"desktop:65px;tablet:65px;tablet_portrait:45px;mobile_landscape:45px;mobile:45px;\"}' ><h2 style=\"font-weight:bold;color:#62aadd;\">Voir notre derni\u00e8re vid\u00e9o<\/h2><\/div><div class=\"uvc-heading-spacer image_only\" style=\"top\"><img decoding=\"async\" src=\"https:\/\/www.bocasdelmar.com\/wp-content\/uploads\/2018\/08\/sep.png\" class=\"ultimate-headings-icon-image\" alt=\"null\" style=\"\"\/><\/div><\/div>[vc_video link=\u00a0\u00bbhttps:\/\/youtu.be\/-LB_KbVUxLU\u00a0\u00bb el_width=\u00a0\u00bb80&Prime; align=\u00a0\u00bbcenter\u00a0\u00bb css=\u00a0\u00bb.vc_custom_1543689980053{padding-top: 15px !important;}\u00a0\u00bb][\/vc_column][vc_column width=\u00a0\u00bb1\/2&Prime;]<div id=\"ultimate-heading-234869f4382a0355e\" class=\"uvc-heading ult-adjust-bottom-margin ultimate-heading-234869f4382a0355e uvc-8906 \" data-hspacer=\"image_only\"  data-halign=\"center\" style=\"text-align:center\"><div class=\"uvc-main-heading ult-responsive\"  data-ultimate-target='.uvc-heading.ultimate-heading-234869f4382a0355e h2'  data-responsive-json-new='{\"font-size\":\"desktop:30px;tablet:25px;tablet_portrait:25px;mobile_landscape:25px;mobile:25px;\",\"line-height\":\"desktop:65px;tablet:65px;tablet_portrait:45px;mobile_landscape:45px;mobile:45px;\"}' ><h2 style=\"font-weight:bold;color:#62aadd;\">Offres sp\u00e9ciales<\/h2><\/div><div class=\"uvc-heading-spacer image_only\" style=\"top\"><img decoding=\"async\" src=\"https:\/\/www.bocasdelmar.com\/wp-content\/uploads\/2018\/08\/sep.png\" class=\"ultimate-headings-icon-image\" alt=\"null\" style=\"\"\/><\/div><\/div>[vc_row_inner css=\u00a0\u00bb.vc_custom_1543690025229{padding-top: 15px !important;}\u00a0\u00bb][vc_column_inner][\/vc_column_inner][\/vc_row_inner][vc_widget_sidebar sidebar_id=\u00a0\u00bbsidebar_13&Prime;][vc_row_inner css=\u00a0\u00bb.vc_custom_1543690025229{padding-top: 15px !important;}\u00a0\u00bb][vc_column_inner]<style type=\"text\/css\">#dt-btn-3 {color: #62aadd;}#dt-btn-3 > .text-wrap * {color: #62aadd;}<\/style><div class=\"text-centered\"><a href=\"https:\/\/www.bocasdelmar.com\/fr\/offres\/\" class=\"btn-shortcode dt-btn-m dt-btn outline-bg-btn custom-btn-color default-btn-hover-color accent-btn-bg-color accent-btn-bg-hover-color\" id=\"dt-btn-3\"><span>VOIR TOUTES LES OFFRES<\/span><\/a><\/div>[\/vc_column_inner][\/vc_row_inner][\/vc_column][\/vc_row]<\/p>\n<\/div>","protected":false},"excerpt":{"rendered":"<p>[vc_row css=\u00a0\u00bb.vc_custom_1547494104387{margin-right: 0px !important;margin-left: 0px !important;padding-bottom: 35px !important;}\u00a0\u00bb][vc_column][vc_column_text css=\u00a0\u00bb.vc_custom_1740512391934{margin-right: 10px !important;margin-left: 10px !important;padding-top: 15px !important;}\u00a0\u00bb]Optez pour notre circuit \u201cd\u00e9couverte\u201d de 4 heures dans un de notre confortable bateau au d\u00e9part de notre propre embarcad\u00e8re. Profitez de la beaut\u00e9 sauvage du parc national marin du golf de Chiriqui accompagn\u00e9 d\u2019un de nos capitaines natifs de la&hellip;<\/p>\n","protected":false},"author":3,"featured_media":0,"parent":0,"menu_order":0,"comment_status":"closed","ping_status":"closed","template":"","meta":{"ngg_post_thumbnail":0,"footnotes":""},"class_list":["post-4273","page","type-page","status-publish","hentry","description-off"],"yoast_head":"<!-- This site is optimized with the Yoast SEO plugin v26.6 - https:\/\/yoast.com\/wordpress\/plugins\/seo\/ -->\n<title>Mini-croisi\u00e8re vers les \u00eeles et plages - Hotel BOCAS DEL MAR<\/title>\n<meta name=\"robots\" content=\"index, follow, max-snippet:-1, max-image-preview:large, max-video-preview:-1\" \/>\n<link rel=\"canonical\" href=\"https:\/\/www.bocasdelmar.com\/fr\/mini-croisiere-vers-les-iles-et-plages\/\" \/>\n<meta property=\"og:locale\" content=\"fr_FR\" \/>\n<meta property=\"og:type\" content=\"article\" \/>\n<meta property=\"og:title\" content=\"Mini-croisi\u00e8re vers les \u00eeles et plages - Hotel BOCAS DEL MAR\" \/>\n<meta property=\"og:description\" content=\"[vc_row css=\u00a0\u00bb.vc_custom_1547494104387{margin-right: 0px !important;margin-left: 0px !important;padding-bottom: 35px !important;}\u00a0\u00bb][vc_column][vc_column_text css=\u00a0\u00bb.vc_custom_1740512391934{margin-right: 10px !important;margin-left: 10px !important;padding-top: 15px !important;}\u00a0\u00bb]Optez pour notre circuit \u201cd\u00e9couverte\u201d de 4 heures dans un de notre confortable bateau au d\u00e9part de notre propre embarcad\u00e8re. Profitez de la beaut\u00e9 sauvage du parc national marin du golf de Chiriqui accompagn\u00e9 d\u2019un de nos capitaines natifs de la&hellip;\" \/>\n<meta property=\"og:url\" content=\"https:\/\/www.bocasdelmar.com\/fr\/mini-croisiere-vers-les-iles-et-plages\/\" \/>\n<meta property=\"og:site_name\" content=\"Hotel BOCAS DEL MAR\" \/>\n<meta property=\"article:publisher\" content=\"https:\/\/www.facebook.com\/HotelBocasdelMar\/\" \/>\n<meta property=\"article:modified_time\" content=\"2025-02-25T19:40:04+00:00\" \/>\n<meta name=\"twitter:card\" content=\"summary_large_image\" \/>\n<meta name=\"twitter:label1\" content=\"Dur\u00e9e de lecture estim\u00e9e\" \/>\n\t<meta name=\"twitter:data1\" content=\"2 minutes\" \/>\n<script type=\"application\/ld+json\" class=\"yoast-schema-graph\">{\"@context\":\"https:\/\/schema.org\",\"@graph\":[{\"@type\":\"WebPage\",\"@id\":\"https:\/\/www.bocasdelmar.com\/fr\/mini-croisiere-vers-les-iles-et-plages\/\",\"url\":\"https:\/\/www.bocasdelmar.com\/fr\/mini-croisiere-vers-les-iles-et-plages\/\",\"name\":\"Mini-croisi\u00e8re vers les \u00eeles et plages - Hotel BOCAS DEL MAR\",\"isPartOf\":{\"@id\":\"https:\/\/www.bocasdelmar.com\/fr\/#website\"},\"datePublished\":\"2018-12-11T17:33:30+00:00\",\"dateModified\":\"2025-02-25T19:40:04+00:00\",\"breadcrumb\":{\"@id\":\"https:\/\/www.bocasdelmar.com\/fr\/mini-croisiere-vers-les-iles-et-plages\/#breadcrumb\"},\"inLanguage\":\"fr-FR\",\"potentialAction\":[{\"@type\":\"ReadAction\",\"target\":[\"https:\/\/www.bocasdelmar.com\/fr\/mini-croisiere-vers-les-iles-et-plages\/\"]}]},{\"@type\":\"BreadcrumbList\",\"@id\":\"https:\/\/www.bocasdelmar.com\/fr\/mini-croisiere-vers-les-iles-et-plages\/#breadcrumb\",\"itemListElement\":[{\"@type\":\"ListItem\",\"position\":1,\"name\":\"Home\",\"item\":\"https:\/\/www.bocasdelmar.com\/fr\/\"},{\"@type\":\"ListItem\",\"position\":2,\"name\":\"Mini-croisi\u00e8re vers les \u00eeles et plages\"}]},{\"@type\":\"WebSite\",\"@id\":\"https:\/\/www.bocasdelmar.com\/fr\/#website\",\"url\":\"https:\/\/www.bocasdelmar.com\/fr\/\",\"name\":\"Hotel BOCAS DEL MAR\",\"description\":\"Hotel BOCAS DEL MAR en Panam\u00e1\",\"publisher\":{\"@id\":\"https:\/\/www.bocasdelmar.com\/fr\/#organization\"},\"potentialAction\":[{\"@type\":\"SearchAction\",\"target\":{\"@type\":\"EntryPoint\",\"urlTemplate\":\"https:\/\/www.bocasdelmar.com\/fr\/?s={search_term_string}\"},\"query-input\":{\"@type\":\"PropertyValueSpecification\",\"valueRequired\":true,\"valueName\":\"search_term_string\"}}],\"inLanguage\":\"fr-FR\"},{\"@type\":\"Organization\",\"@id\":\"https:\/\/www.bocasdelmar.com\/fr\/#organization\",\"name\":\"HOTEL BOCAS DEL MAR - BOCA CHICA PANAM\u00c1\",\"url\":\"https:\/\/www.bocasdelmar.com\/fr\/\",\"logo\":{\"@type\":\"ImageObject\",\"inLanguage\":\"fr-FR\",\"@id\":\"https:\/\/www.bocasdelmar.com\/fr\/#\/schema\/logo\/image\/\",\"url\":\"https:\/\/www.bocasdelmar.com\/wp-content\/uploads\/2018\/08\/logo_bocasdelmar_st.png\",\"contentUrl\":\"https:\/\/www.bocasdelmar.com\/wp-content\/uploads\/2018\/08\/logo_bocasdelmar_st.png\",\"width\":403,\"height\":375,\"caption\":\"HOTEL BOCAS DEL MAR - BOCA CHICA PANAM\u00c1\"},\"image\":{\"@id\":\"https:\/\/www.bocasdelmar.com\/fr\/#\/schema\/logo\/image\/\"},\"sameAs\":[\"https:\/\/www.facebook.com\/HotelBocasdelMar\/\",\"https:\/\/www.instagram.com\/hotelbocasdelmar\/\",\"https:\/\/www.youtube.com\/channel\/UC1jBRj_JqB7hJYwg4kpux8w\"]}]}<\/script>\n<!-- \/ Yoast SEO plugin. -->","yoast_head_json":{"title":"Mini-croisi\u00e8re vers les \u00eeles et plages - Hotel BOCAS DEL MAR","robots":{"index":"index","follow":"follow","max-snippet":"max-snippet:-1","max-image-preview":"max-image-preview:large","max-video-preview":"max-video-preview:-1"},"canonical":"https:\/\/www.bocasdelmar.com\/fr\/mini-croisiere-vers-les-iles-et-plages\/","og_locale":"fr_FR","og_type":"article","og_title":"Mini-croisi\u00e8re vers les \u00eeles et plages - Hotel BOCAS DEL MAR","og_description":"[vc_row css=\u00a0\u00bb.vc_custom_1547494104387{margin-right: 0px !important;margin-left: 0px !important;padding-bottom: 35px !important;}\u00a0\u00bb][vc_column][vc_column_text css=\u00a0\u00bb.vc_custom_1740512391934{margin-right: 10px !important;margin-left: 10px !important;padding-top: 15px !important;}\u00a0\u00bb]Optez pour notre circuit \u201cd\u00e9couverte\u201d de 4 heures dans un de notre confortable bateau au d\u00e9part de notre propre embarcad\u00e8re. Profitez de la beaut\u00e9 sauvage du parc national marin du golf de Chiriqui accompagn\u00e9 d\u2019un de nos capitaines natifs de la&hellip;","og_url":"https:\/\/www.bocasdelmar.com\/fr\/mini-croisiere-vers-les-iles-et-plages\/","og_site_name":"Hotel BOCAS DEL MAR","article_publisher":"https:\/\/www.facebook.com\/HotelBocasdelMar\/","article_modified_time":"2025-02-25T19:40:04+00:00","twitter_card":"summary_large_image","twitter_misc":{"Dur\u00e9e de lecture estim\u00e9e":"2 minutes"},"schema":{"@context":"https:\/\/schema.org","@graph":[{"@type":"WebPage","@id":"https:\/\/www.bocasdelmar.com\/fr\/mini-croisiere-vers-les-iles-et-plages\/","url":"https:\/\/www.bocasdelmar.com\/fr\/mini-croisiere-vers-les-iles-et-plages\/","name":"Mini-croisi\u00e8re vers les \u00eeles et plages - Hotel BOCAS DEL MAR","isPartOf":{"@id":"https:\/\/www.bocasdelmar.com\/fr\/#website"},"datePublished":"2018-12-11T17:33:30+00:00","dateModified":"2025-02-25T19:40:04+00:00","breadcrumb":{"@id":"https:\/\/www.bocasdelmar.com\/fr\/mini-croisiere-vers-les-iles-et-plages\/#breadcrumb"},"inLanguage":"fr-FR","potentialAction":[{"@type":"ReadAction","target":["https:\/\/www.bocasdelmar.com\/fr\/mini-croisiere-vers-les-iles-et-plages\/"]}]},{"@type":"BreadcrumbList","@id":"https:\/\/www.bocasdelmar.com\/fr\/mini-croisiere-vers-les-iles-et-plages\/#breadcrumb","itemListElement":[{"@type":"ListItem","position":1,"name":"Home","item":"https:\/\/www.bocasdelmar.com\/fr\/"},{"@type":"ListItem","position":2,"name":"Mini-croisi\u00e8re vers les \u00eeles et plages"}]},{"@type":"WebSite","@id":"https:\/\/www.bocasdelmar.com\/fr\/#website","url":"https:\/\/www.bocasdelmar.com\/fr\/","name":"Hotel BOCAS DEL MAR","description":"Hotel BOCAS DEL MAR en Panam\u00e1","publisher":{"@id":"https:\/\/www.bocasdelmar.com\/fr\/#organization"},"potentialAction":[{"@type":"SearchAction","target":{"@type":"EntryPoint","urlTemplate":"https:\/\/www.bocasdelmar.com\/fr\/?s={search_term_string}"},"query-input":{"@type":"PropertyValueSpecification","valueRequired":true,"valueName":"search_term_string"}}],"inLanguage":"fr-FR"},{"@type":"Organization","@id":"https:\/\/www.bocasdelmar.com\/fr\/#organization","name":"HOTEL BOCAS DEL MAR - BOCA CHICA PANAM\u00c1","url":"https:\/\/www.bocasdelmar.com\/fr\/","logo":{"@type":"ImageObject","inLanguage":"fr-FR","@id":"https:\/\/www.bocasdelmar.com\/fr\/#\/schema\/logo\/image\/","url":"https:\/\/www.bocasdelmar.com\/wp-content\/uploads\/2018\/08\/logo_bocasdelmar_st.png","contentUrl":"https:\/\/www.bocasdelmar.com\/wp-content\/uploads\/2018\/08\/logo_bocasdelmar_st.png","width":403,"height":375,"caption":"HOTEL BOCAS DEL MAR - BOCA CHICA PANAM\u00c1"},"image":{"@id":"https:\/\/www.bocasdelmar.com\/fr\/#\/schema\/logo\/image\/"},"sameAs":["https:\/\/www.facebook.com\/HotelBocasdelMar\/","https:\/\/www.instagram.com\/hotelbocasdelmar\/","https:\/\/www.youtube.com\/channel\/UC1jBRj_JqB7hJYwg4kpux8w"]}]}},"_links":{"self":[{"href":"https:\/\/www.bocasdelmar.com\/fr\/wp-json\/wp\/v2\/pages\/4273","targetHints":{"allow":["GET"]}}],"collection":[{"href":"https:\/\/www.bocasdelmar.com\/fr\/wp-json\/wp\/v2\/pages"}],"about":[{"href":"https:\/\/www.bocasdelmar.com\/fr\/wp-json\/wp\/v2\/types\/page"}],"author":[{"embeddable":true,"href":"https:\/\/www.bocasdelmar.com\/fr\/wp-json\/wp\/v2\/users\/3"}],"replies":[{"embeddable":true,"href":"https:\/\/www.bocasdelmar.com\/fr\/wp-json\/wp\/v2\/comments?post=4273"}],"version-history":[{"count":0,"href":"https:\/\/www.bocasdelmar.com\/fr\/wp-json\/wp\/v2\/pages\/4273\/revisions"}],"wp:attachment":[{"href":"https:\/\/www.bocasdelmar.com\/fr\/wp-json\/wp\/v2\/media?parent=4273"}],"curies":[{"name":"wp","href":"https:\/\/api.w.org\/{rel}","templated":true}]}}