{"id":3644,"date":"2018-12-20T09:49:45","date_gmt":"2018-12-20T09:49:45","guid":{"rendered":"https:\/\/www.bocasdelmar.com\/pesca-deportiva\/"},"modified":"2019-04-12T13:27:41","modified_gmt":"2019-04-12T18:27:41","slug":"sport-und-tiefseefischen","status":"publish","type":"page","link":"https:\/\/www.bocasdelmar.com\/de\/sport-und-tiefseefischen\/","title":{"rendered":"Sport und Tiefseefischen"},"content":{"rendered":"<div class=\"wpb-content-wrapper\"><p>[vc_row css_animation=&#8220;fadeIn&#8220; css=&#8220;.vc_custom_1543610458058{margin-right: 15px !important;margin-left: 15px !important;padding-bottom: 20px !important;}&#8220;][vc_column css=&#8220;.vc_custom_1543606754207{margin-bottom: 30px !important;}&#8220;]<div id=\"ultimate-heading-311769f8773030b6f\" class=\"uvc-heading ult-adjust-bottom-margin ultimate-heading-311769f8773030b6f uvc-829 \" data-hspacer=\"image_only\"  data-halign=\"center\" style=\"text-align:center\"><div class=\"uvc-main-heading ult-responsive\"  data-ultimate-target='.uvc-heading.ultimate-heading-311769f8773030b6f h1'  data-responsive-json-new='{\"font-size\":\"desktop:40px;tablet:35px;tablet_portrait:35px;mobile_landscape:35px;mobile:35px;\",\"line-height\":\"desktop:65px;tablet:65px;tablet_portrait:45px;mobile_landscape:45px;mobile:45px;\"}' ><h1 style=\"font-weight:bold;color:#62aadd;\">Sport und Tiefseefischen<\/h1><\/div><div class=\"uvc-heading-spacer image_only\" style=\"top\"><img decoding=\"async\" src=\"https:\/\/www.bocasdelmar.com\/wp-content\/uploads\/2018\/08\/sep.png\" class=\"ultimate-headings-icon-image\" alt=\"null\" style=\"\"\/><\/div><\/div>[\/vc_column][\/vc_row][vc_row css_animation=&#8220;fadeIn&#8220; css=&#8220;.vc_custom_1547494392051{margin-right: 0px !important;margin-left: 0px !important;padding-bottom: 45px !important;}&#8220;][vc_column width=&#8220;1\/2&#8243; css=&#8220;.vc_custom_1547494409340{margin-right: 0px !important;margin-left: 0px !important;padding-bottom: 15px !important;}&#8220;][vc_single_image image=&#8220;3908&#8243; img_size=&#8220;full&#8220; alignment=&#8220;center&#8220;][\/vc_column][vc_column css_animation=&#8220;none&#8220; width=&#8220;1\/2&#8243; css=&#8220;.vc_custom_1547494420350{margin-right: 0px !important;margin-left: 0px !important;background-position: center !important;background-repeat: no-repeat !important;background-size: cover !important;}&#8220;][vc_column_text css=&#8220;.vc_custom_1554920916454{margin-right: 5px !important;margin-bottom: 25px !important;margin-left: 5px !important;padding-top: 40px !important;}&#8220;]<\/p>\n<p style=\"text-align: justify;\"><strong>Es gibt nichts vergleichbar aufregenderes, als ein Gro\u00dffisch-Angel-Abenteuer auf hoher See.<\/strong><\/p>\n<p style=\"text-align: justify;\">Das Hotel Bocas del Mar liegt unmittelbar am Ausgangspunkt zu einem der besten Angelreviere Panamas. Ganztages oder Halbtages Hochseeangelausfl\u00fcge starten direkt vom Hotel eigenen Steg und werden stets von einheimischem Kapit\u00e4n begleitet. Das Organisieren Ihres Ausflugs ist sehr einfach.<\/p>\n<p style=\"text-align: justify;\">Boca Chica &amp; der Golf von Chiriqu\u00ed bieten eine paradiesische Salzwasser Angelei. Schnell und problemlos erreicht man weltber\u00fchmte Hochseeangelreviere, wie die Hannibal Bank, die Insel Coiba und Montuosa sowie die Islas Secas, Islas Ladrones und die Insel Pariditas.<\/p>\n<p>[\/vc_column_text]<style type=\"text\/css\">#dt-btn-1 {color: #62aadd;}#dt-btn-1 > .text-wrap * {color: #62aadd;}<\/style><div class=\"text-centered\"><a href=\"mailto:info@bocasdelmar.com\" class=\"btn-shortcode dt-btn-m dt-btn outline-bg-btn custom-btn-color default-btn-hover-color accent-btn-bg-color accent-btn-bg-hover-color\" id=\"dt-btn-1\"><i class=\"fa fa-envelope-o\"><\/i><span>Kontaktieren Sie uns f\u00fcr unsere Pdf-Informationsbl\u00e4tter<br \/>\n\u00fcber die offene See und das K\u00fcstengebiet<\/span><\/a><\/div>[\/vc_column][\/vc_row][vc_row css_animation=&#8220;fadeIn&#8220; bg_type=&#8220;bg_color&#8220; bg_override=&#8220;full&#8220; css=&#8220;.vc_custom_1547494460109{margin-right: 0px !important;margin-left: 0px !important;}&#8220; bg_color_value=&#8220;#f4f4f4&#8243;][vc_column css_animation=&#8220;none&#8220; width=&#8220;1\/2&#8243; css=&#8220;.vc_custom_1547494474092{margin-right: 0px !important;margin-left: 0px !important;padding-top: 33px !important;padding-bottom: 15px !important;}&#8220;][vc_column_text css=&#8220;.vc_custom_1555090463988{margin-right: 5px !important;margin-left: 5px !important;padding-top: 40px !important;}&#8220;]<\/p>\n<p style=\"text-align: justify;\">Hier erwarten Sie der Schwarze Marlin, Blauer Marlin, gestreifter Marlin, Segelfisch und riesige Gelbflossenthunfische \u2013 ein aufregendes Angelabenteuer garantiert. Wir verwenden unterschiedliche Angelmethoden, wie das Angeln mit Poppern, Jigging, Schleppangeln und das Angeln mit lebenden K\u00f6derfischen. Gezielt beangeln Sie hiermit auch Roosterfisch, Cubera Snapper, Mahi Mahi (Dorado) und viele weitere stark k\u00e4mpfende Rifffische.<\/p>\n<p style=\"text-align: justify;\">Im Hotel Bocas del Mar&nbsp;<a href=\"https:\/\/www.bocasdelmar.com\/de\/unterkuenfte\/\">n\u00e4chtigen<\/a>&nbsp;Sie in unserer qualitative hochwertigen Hotelanlage und nicht in einer traditionellen Fishing Lodge. Daher haben Sie die M\u00f6glichkeit, Hochseeangeln mit erholsamer Swimmingpool-Atmosph\u00e4re und unterschiedlichen&nbsp;<a href=\"https:\/\/www.bocasdelmar.com\/de\/essen-und-trinken\/\">kulinarischen<\/a>&nbsp;Feinheiten zu kombinieren. Diese Mischung aus Angelabenteuer und Erholung hat sich sowohl f\u00fcr Angler, als auch Paare und Personen, die in das Hochseeangeln hinein schnuppern m\u00f6chten und sogar Familien bew\u00e4hrt.<\/p>\n<p>[\/vc_column_text][\/vc_column][vc_column css_animation=&#8220;fadeIn&#8220; width=&#8220;1\/2&#8243; css=&#8220;.vc_custom_1547494481675{margin-right: 0px !important;margin-left: 0px !important;padding-top: 40px !important;background-position: center !important;background-repeat: no-repeat !important;background-size: cover !important;}&#8220;][vc_single_image image=&#8220;3909&#8243; img_size=&#8220;full&#8220; alignment=&#8220;center&#8220; css=&#8220;.vc_custom_1547495866043{padding-bottom: 30px !important;}&#8220;][\/vc_column][\/vc_row][vc_row css=&#8220;.vc_custom_1547496014706{margin-right: 0px !important;margin-bottom: 15px !important;margin-left: 0px !important;}&#8220;][vc_column][vc_column_text css=&#8220;.vc_custom_1555093657399{padding-top: 15px !important;}&#8220;]<\/p>\n<p>ngg_shortcode_0_placeholder[\/vc_column_text][\/vc_column][\/vc_row][vc_row css=&#8220;.vc_custom_1554908153461{padding-right: 15px !important;padding-bottom: 45px !important;padding-left: 15px !important;}&#8220;][vc_column width=&#8220;1\/3&#8243;][\/vc_column][vc_column width=&#8220;1\/3&#8243;]<style type=\"text\/css\">#dt-btn-2 {color: #62aadd;}#dt-btn-2 > .text-wrap * {color: #62aadd;}<\/style><div class=\"text-centered\"><a href=\"https:\/\/www.bocasdelmar.com\/de\/alle-aktivitaeten\/\" class=\"btn-shortcode dt-btn-m dt-btn outline-bg-btn custom-btn-color default-btn-hover-color accent-btn-bg-color accent-btn-bg-hover-color\" id=\"dt-btn-2\"><i class=\"fa fa-arrow-left\"><\/i><span>ZUR\u00dcCK ZU &#8222;ALLE AKTIVIT\u00c4TEN&#8220;<\/span><\/a><\/div>[\/vc_column][vc_column width=&#8220;1\/3&#8243;][\/vc_column][\/vc_row][vc_row equal_height=&#8220;yes&#8220; parallax=&#8220;content-moving&#8220; bg_type=&#8220;image&#8220; parallax_style=&#8220;vcpb-default&#8220; bg_image_new=&#8220;id^1028|url^https:\/\/www.bocasdelmar.com\/wp-content\/uploads\/2018\/08\/fondo_home_act.jpg|caption^null|alt^null|title^fondo_home_act|description^null&#8220; bg_image_repeat=&#8220;no-repeat&#8220; bg_override=&#8220;ex-full&#8220; enable_overlay=&#8220;enable_overlay_value&#8220;][vc_column width=&#8220;1\/4&#8243;][\/vc_column][vc_column width=&#8220;1\/2&#8243; css=&#8220;.vc_custom_1547478433749{margin-right: 20px !important;margin-left: 20px !important;padding-top: 60px !important;padding-bottom: 60px !important;}&#8220;]<div id=\"ultimate-heading-961269f8773030d59\" class=\"uvc-heading ult-adjust-bottom-margin ultimate-heading-961269f8773030d59 uvc-9314 \" data-hspacer=\"image_only\"  data-halign=\"center\" style=\"text-align:center\"><div class=\"uvc-main-heading ult-responsive\"  data-ultimate-target='.uvc-heading.ultimate-heading-961269f8773030d59 h2'  data-responsive-json-new='{\"font-size\":\"desktop:38px;tablet:25px;tablet_portrait:25px;mobile_landscape:25px;mobile:25px;\",\"line-height\":\"desktop:65px;tablet:65px;tablet_portrait:45px;mobile_landscape:45px;mobile:45px;\"}' ><h2 style=\"font-weight:bold;color:#ffffff;\">BUCHEN SIE JETZT<\/h2><\/div><div class=\"uvc-heading-spacer image_only\" style=\"top\"><img decoding=\"async\" src=\"https:\/\/www.bocasdelmar.com\/wp-content\/uploads\/2018\/08\/sep.png\" class=\"ultimate-headings-icon-image\" alt=\"null\" style=\"\"\/><\/div><\/div>[vc_column_text css=&#8220;.vc_custom_1553590558778{margin-right: 20px !important;margin-left: 20px !important;padding-top: 25px !important;padding-bottom: 25px !important;}&#8220;]<\/p>\n<p style=\"text-align: center;\"><span style=\"color: #ffffff;\">Wenn Sie Hotelverf\u00fcgbarkeiten oder Preise an ausgew\u00e4hlten Daten \u00fcberpr\u00fcfen oder ein Zimmer direkt und sicher bei uns zum besten verf\u00fcgbaren Tarif online reservieren m\u00f6chten, besuchen Sie unsere Hotelreservierungsseite.<\/span><\/p>\n<p>[\/vc_column_text]<style type=\"text\/css\">#dt-btn-3 {color: #ffffff;border-color: #ffffff;}#dt-btn-3 > .text-wrap * {color: #ffffff;}<\/style><div class=\"text-centered\"><a href=\"https:\/\/app.thebookingbutton.com\/properties\/boc8403?locale=de\" class=\"btn-shortcode dt-btn-m dt-btn outline-bg-btn custom-btn-color default-btn-hover-color accent-btn-bg-hover-color fadeIn animate-element animation-builder anchor-link\" target=\"_blank\" id=\"dt-btn-3\" rel=\"noopener\"><span>BESTE PREISE \u00dcBERPR\u00dcFEN<\/span><\/a><\/div>[\/vc_column][vc_column width=&#8220;1\/4&#8243;][\/vc_column][\/vc_row][vc_row css=&#8220;.vc_custom_1543689804420{margin-right: 15px !important;margin-left: 15px !important;padding-top: 35px !important;}&#8220;][vc_column width=&#8220;1\/2&#8243;]<div id=\"ultimate-heading-670569f8773030e0d\" class=\"uvc-heading ult-adjust-bottom-margin ultimate-heading-670569f8773030e0d uvc-3531 \" data-hspacer=\"image_only\"  data-halign=\"center\" style=\"text-align:center\"><div class=\"uvc-main-heading ult-responsive\"  data-ultimate-target='.uvc-heading.ultimate-heading-670569f8773030e0d h2'  data-responsive-json-new='{\"font-size\":\"desktop:30px;tablet:25px;tablet_portrait:25px;mobile_landscape:25px;mobile:25px;\",\"line-height\":\"desktop:65px;tablet:65px;tablet_portrait:45px;mobile_landscape:45px;mobile:45px;\"}' ><h2 style=\"font-weight:bold;color:#62aadd;\">Sehen Sie unser aktuelles Video<\/h2><\/div><div class=\"uvc-heading-spacer image_only\" style=\"top\"><img decoding=\"async\" src=\"https:\/\/www.bocasdelmar.com\/wp-content\/uploads\/2018\/08\/sep.png\" class=\"ultimate-headings-icon-image\" alt=\"null\" style=\"\"\/><\/div><\/div>[vc_video link=&#8220;https:\/\/youtu.be\/-LB_KbVUxLU&#8220; el_width=&#8220;80&#8243; align=&#8220;center&#8220; css=&#8220;.vc_custom_1543689980053{padding-top: 15px !important;}&#8220;][\/vc_column][vc_column width=&#8220;1\/2&#8243;]<div id=\"ultimate-heading-91869f8773030e9c\" class=\"uvc-heading ult-adjust-bottom-margin ultimate-heading-91869f8773030e9c uvc-7002 \" data-hspacer=\"image_only\"  data-halign=\"center\" style=\"text-align:center\"><div class=\"uvc-main-heading ult-responsive\"  data-ultimate-target='.uvc-heading.ultimate-heading-91869f8773030e9c h2'  data-responsive-json-new='{\"font-size\":\"desktop:30px;tablet:25px;tablet_portrait:25px;mobile_landscape:25px;mobile:25px;\",\"line-height\":\"desktop:65px;tablet:65px;tablet_portrait:45px;mobile_landscape:45px;mobile:45px;\"}' ><h2 style=\"font-weight:bold;color:#62aadd;\">Sonderangebote<\/h2><\/div><div class=\"uvc-heading-spacer image_only\" style=\"top\"><img decoding=\"async\" src=\"https:\/\/www.bocasdelmar.com\/wp-content\/uploads\/2018\/08\/sep.png\" class=\"ultimate-headings-icon-image\" alt=\"null\" style=\"\"\/><\/div><\/div>[vc_row_inner css=&#8220;.vc_custom_1543690025229{padding-top: 15px !important;}&#8220;][vc_column_inner][\/vc_column_inner][\/vc_row_inner][vc_widget_sidebar sidebar_id=&#8220;sidebar_9&#8243;][vc_row_inner css=&#8220;.vc_custom_1543690025229{padding-top: 15px !important;}&#8220;][vc_column_inner]<style type=\"text\/css\">#dt-btn-4 {color: #62aadd;}#dt-btn-4 > .text-wrap * {color: #62aadd;}<\/style><div class=\"text-centered\"><a href=\"https:\/\/www.bocasdelmar.com\/de\/angebote\" class=\"btn-shortcode dt-btn-m dt-btn outline-bg-btn custom-btn-color default-btn-hover-color accent-btn-bg-color accent-btn-bg-hover-color\" id=\"dt-btn-4\"><span>ALLE ANGEBOTE ANZEIGEN<\/span><\/a><\/div>[\/vc_column_inner][\/vc_row_inner][\/vc_column][\/vc_row]<\/p>\n<\/div>","protected":false},"excerpt":{"rendered":"<p>[vc_row css_animation=&#8220;fadeIn&#8220; css=&#8220;.vc_custom_1543610458058{margin-right: 15px !important;margin-left: 15px !important;padding-bottom: 20px !important;}&#8220;][vc_column css=&#8220;.vc_custom_1543606754207{margin-bottom: 30px !important;}&#8220;][\/vc_column][\/vc_row][vc_row css_animation=&#8220;fadeIn&#8220; css=&#8220;.vc_custom_1547494392051{margin-right: 0px !important;margin-left: 0px !important;padding-bottom: 45px !important;}&#8220;][vc_column width=&#8220;1\/2&#8243; css=&#8220;.vc_custom_1547494409340{margin-right: 0px !important;margin-left: 0px !important;padding-bottom: 15px !important;}&#8220;][vc_single_image image=&#8220;3908&#8243; img_size=&#8220;full&#8220; alignment=&#8220;center&#8220;][\/vc_column][vc_column css_animation=&#8220;none&#8220; width=&#8220;1\/2&#8243; css=&#8220;.vc_custom_1547494420350{margin-right: 0px !important;margin-left: 0px !important;background-position: center !important;background-repeat: no-repeat !important;background-size: cover !important;}&#8220;][vc_column_text css=&#8220;.vc_custom_1554920916454{margin-right: 5px !important;margin-bottom: 25px !important;margin-left: 5px !important;padding-top: 40px !important;}&#8220;] Es gibt&hellip;<\/p>\n","protected":false},"author":3,"featured_media":0,"parent":0,"menu_order":0,"comment_status":"closed","ping_status":"closed","template":"","meta":{"ngg_post_thumbnail":0,"footnotes":""},"class_list":["post-3644","page","type-page","status-publish","hentry","description-off"],"yoast_head":"<!-- This site is optimized with the Yoast SEO plugin v26.6 - https:\/\/yoast.com\/wordpress\/plugins\/seo\/ -->\n<title>Sport und Tiefseefischen - Hotel BOCAS DEL MAR<\/title>\n<meta name=\"robots\" content=\"index, follow, max-snippet:-1, max-image-preview:large, max-video-preview:-1\" \/>\n<link rel=\"canonical\" href=\"https:\/\/www.bocasdelmar.com\/de\/sport-und-tiefseefischen\/\" \/>\n<meta property=\"og:locale\" content=\"de_DE\" \/>\n<meta property=\"og:type\" content=\"article\" \/>\n<meta property=\"og:title\" content=\"Sport und Tiefseefischen - Hotel BOCAS DEL MAR\" \/>\n<meta property=\"og:description\" content=\"[vc_row css_animation=&#8220;fadeIn&#8220; css=&#8220;.vc_custom_1543610458058{margin-right: 15px !important;margin-left: 15px !important;padding-bottom: 20px !important;}&#8220;][vc_column css=&#8220;.vc_custom_1543606754207{margin-bottom: 30px !important;}&#8220;][\/vc_column][\/vc_row][vc_row css_animation=&#8220;fadeIn&#8220; css=&#8220;.vc_custom_1547494392051{margin-right: 0px !important;margin-left: 0px !important;padding-bottom: 45px !important;}&#8220;][vc_column width=&#8220;1\/2&#8243; css=&#8220;.vc_custom_1547494409340{margin-right: 0px !important;margin-left: 0px !important;padding-bottom: 15px !important;}&#8220;][vc_single_image image=&#8220;3908&#8243; img_size=&#8220;full&#8220; alignment=&#8220;center&#8220;][\/vc_column][vc_column css_animation=&#8220;none&#8220; width=&#8220;1\/2&#8243; css=&#8220;.vc_custom_1547494420350{margin-right: 0px !important;margin-left: 0px !important;background-position: center !important;background-repeat: no-repeat !important;background-size: cover !important;}&#8220;][vc_column_text css=&#8220;.vc_custom_1554920916454{margin-right: 5px !important;margin-bottom: 25px !important;margin-left: 5px !important;padding-top: 40px !important;}&#8220;] Es gibt&hellip;\" \/>\n<meta property=\"og:url\" content=\"https:\/\/www.bocasdelmar.com\/de\/sport-und-tiefseefischen\/\" \/>\n<meta property=\"og:site_name\" content=\"Hotel BOCAS DEL MAR\" \/>\n<meta property=\"article:publisher\" content=\"https:\/\/www.facebook.com\/HotelBocasdelMar\/\" \/>\n<meta property=\"article:modified_time\" content=\"2019-04-12T18:27:41+00:00\" \/>\n<meta name=\"twitter:card\" content=\"summary_large_image\" \/>\n<meta name=\"twitter:label1\" content=\"Gesch\u00e4tzte Lesezeit\" \/>\n\t<meta name=\"twitter:data1\" content=\"6\u00a0Minuten\" \/>\n<script type=\"application\/ld+json\" class=\"yoast-schema-graph\">{\"@context\":\"https:\/\/schema.org\",\"@graph\":[{\"@type\":\"WebPage\",\"@id\":\"https:\/\/www.bocasdelmar.com\/de\/sport-und-tiefseefischen\/\",\"url\":\"https:\/\/www.bocasdelmar.com\/de\/sport-und-tiefseefischen\/\",\"name\":\"Sport und Tiefseefischen - Hotel BOCAS DEL MAR\",\"isPartOf\":{\"@id\":\"https:\/\/www.bocasdelmar.com\/de\/#website\"},\"datePublished\":\"2018-12-20T09:49:45+00:00\",\"dateModified\":\"2019-04-12T18:27:41+00:00\",\"breadcrumb\":{\"@id\":\"https:\/\/www.bocasdelmar.com\/de\/sport-und-tiefseefischen\/#breadcrumb\"},\"inLanguage\":\"de\",\"potentialAction\":[{\"@type\":\"ReadAction\",\"target\":[\"https:\/\/www.bocasdelmar.com\/de\/sport-und-tiefseefischen\/\"]}]},{\"@type\":\"BreadcrumbList\",\"@id\":\"https:\/\/www.bocasdelmar.com\/de\/sport-und-tiefseefischen\/#breadcrumb\",\"itemListElement\":[{\"@type\":\"ListItem\",\"position\":1,\"name\":\"Home\",\"item\":\"https:\/\/www.bocasdelmar.com\/de\/\"},{\"@type\":\"ListItem\",\"position\":2,\"name\":\"Sport und Tiefseefischen\"}]},{\"@type\":\"WebSite\",\"@id\":\"https:\/\/www.bocasdelmar.com\/de\/#website\",\"url\":\"https:\/\/www.bocasdelmar.com\/de\/\",\"name\":\"Hotel BOCAS DEL MAR\",\"description\":\"Hotel BOCAS DEL MAR en Panam\u00e1\",\"publisher\":{\"@id\":\"https:\/\/www.bocasdelmar.com\/de\/#organization\"},\"potentialAction\":[{\"@type\":\"SearchAction\",\"target\":{\"@type\":\"EntryPoint\",\"urlTemplate\":\"https:\/\/www.bocasdelmar.com\/de\/?s={search_term_string}\"},\"query-input\":{\"@type\":\"PropertyValueSpecification\",\"valueRequired\":true,\"valueName\":\"search_term_string\"}}],\"inLanguage\":\"de\"},{\"@type\":\"Organization\",\"@id\":\"https:\/\/www.bocasdelmar.com\/de\/#organization\",\"name\":\"HOTEL BOCAS DEL MAR - BOCA CHICA PANAM\u00c1\",\"url\":\"https:\/\/www.bocasdelmar.com\/de\/\",\"logo\":{\"@type\":\"ImageObject\",\"inLanguage\":\"de\",\"@id\":\"https:\/\/www.bocasdelmar.com\/de\/#\/schema\/logo\/image\/\",\"url\":\"https:\/\/www.bocasdelmar.com\/wp-content\/uploads\/2018\/08\/logo_bocasdelmar_st.png\",\"contentUrl\":\"https:\/\/www.bocasdelmar.com\/wp-content\/uploads\/2018\/08\/logo_bocasdelmar_st.png\",\"width\":403,\"height\":375,\"caption\":\"HOTEL BOCAS DEL MAR - BOCA CHICA PANAM\u00c1\"},\"image\":{\"@id\":\"https:\/\/www.bocasdelmar.com\/de\/#\/schema\/logo\/image\/\"},\"sameAs\":[\"https:\/\/www.facebook.com\/HotelBocasdelMar\/\",\"https:\/\/www.instagram.com\/hotelbocasdelmar\/\",\"https:\/\/www.youtube.com\/channel\/UC1jBRj_JqB7hJYwg4kpux8w\"]}]}<\/script>\n<!-- \/ Yoast SEO plugin. -->","yoast_head_json":{"title":"Sport und Tiefseefischen - Hotel BOCAS DEL MAR","robots":{"index":"index","follow":"follow","max-snippet":"max-snippet:-1","max-image-preview":"max-image-preview:large","max-video-preview":"max-video-preview:-1"},"canonical":"https:\/\/www.bocasdelmar.com\/de\/sport-und-tiefseefischen\/","og_locale":"de_DE","og_type":"article","og_title":"Sport und Tiefseefischen - Hotel BOCAS DEL MAR","og_description":"[vc_row css_animation=&#8220;fadeIn&#8220; css=&#8220;.vc_custom_1543610458058{margin-right: 15px !important;margin-left: 15px !important;padding-bottom: 20px !important;}&#8220;][vc_column css=&#8220;.vc_custom_1543606754207{margin-bottom: 30px !important;}&#8220;][\/vc_column][\/vc_row][vc_row css_animation=&#8220;fadeIn&#8220; css=&#8220;.vc_custom_1547494392051{margin-right: 0px !important;margin-left: 0px !important;padding-bottom: 45px !important;}&#8220;][vc_column width=&#8220;1\/2&#8243; css=&#8220;.vc_custom_1547494409340{margin-right: 0px !important;margin-left: 0px !important;padding-bottom: 15px !important;}&#8220;][vc_single_image image=&#8220;3908&#8243; img_size=&#8220;full&#8220; alignment=&#8220;center&#8220;][\/vc_column][vc_column css_animation=&#8220;none&#8220; width=&#8220;1\/2&#8243; css=&#8220;.vc_custom_1547494420350{margin-right: 0px !important;margin-left: 0px !important;background-position: center !important;background-repeat: no-repeat !important;background-size: cover !important;}&#8220;][vc_column_text css=&#8220;.vc_custom_1554920916454{margin-right: 5px !important;margin-bottom: 25px !important;margin-left: 5px !important;padding-top: 40px !important;}&#8220;] Es gibt&hellip;","og_url":"https:\/\/www.bocasdelmar.com\/de\/sport-und-tiefseefischen\/","og_site_name":"Hotel BOCAS DEL MAR","article_publisher":"https:\/\/www.facebook.com\/HotelBocasdelMar\/","article_modified_time":"2019-04-12T18:27:41+00:00","twitter_card":"summary_large_image","twitter_misc":{"Gesch\u00e4tzte Lesezeit":"6\u00a0Minuten"},"schema":{"@context":"https:\/\/schema.org","@graph":[{"@type":"WebPage","@id":"https:\/\/www.bocasdelmar.com\/de\/sport-und-tiefseefischen\/","url":"https:\/\/www.bocasdelmar.com\/de\/sport-und-tiefseefischen\/","name":"Sport und Tiefseefischen - Hotel BOCAS DEL MAR","isPartOf":{"@id":"https:\/\/www.bocasdelmar.com\/de\/#website"},"datePublished":"2018-12-20T09:49:45+00:00","dateModified":"2019-04-12T18:27:41+00:00","breadcrumb":{"@id":"https:\/\/www.bocasdelmar.com\/de\/sport-und-tiefseefischen\/#breadcrumb"},"inLanguage":"de","potentialAction":[{"@type":"ReadAction","target":["https:\/\/www.bocasdelmar.com\/de\/sport-und-tiefseefischen\/"]}]},{"@type":"BreadcrumbList","@id":"https:\/\/www.bocasdelmar.com\/de\/sport-und-tiefseefischen\/#breadcrumb","itemListElement":[{"@type":"ListItem","position":1,"name":"Home","item":"https:\/\/www.bocasdelmar.com\/de\/"},{"@type":"ListItem","position":2,"name":"Sport und Tiefseefischen"}]},{"@type":"WebSite","@id":"https:\/\/www.bocasdelmar.com\/de\/#website","url":"https:\/\/www.bocasdelmar.com\/de\/","name":"Hotel BOCAS DEL MAR","description":"Hotel BOCAS DEL MAR en Panam\u00e1","publisher":{"@id":"https:\/\/www.bocasdelmar.com\/de\/#organization"},"potentialAction":[{"@type":"SearchAction","target":{"@type":"EntryPoint","urlTemplate":"https:\/\/www.bocasdelmar.com\/de\/?s={search_term_string}"},"query-input":{"@type":"PropertyValueSpecification","valueRequired":true,"valueName":"search_term_string"}}],"inLanguage":"de"},{"@type":"Organization","@id":"https:\/\/www.bocasdelmar.com\/de\/#organization","name":"HOTEL BOCAS DEL MAR - BOCA CHICA PANAM\u00c1","url":"https:\/\/www.bocasdelmar.com\/de\/","logo":{"@type":"ImageObject","inLanguage":"de","@id":"https:\/\/www.bocasdelmar.com\/de\/#\/schema\/logo\/image\/","url":"https:\/\/www.bocasdelmar.com\/wp-content\/uploads\/2018\/08\/logo_bocasdelmar_st.png","contentUrl":"https:\/\/www.bocasdelmar.com\/wp-content\/uploads\/2018\/08\/logo_bocasdelmar_st.png","width":403,"height":375,"caption":"HOTEL BOCAS DEL MAR - BOCA CHICA PANAM\u00c1"},"image":{"@id":"https:\/\/www.bocasdelmar.com\/de\/#\/schema\/logo\/image\/"},"sameAs":["https:\/\/www.facebook.com\/HotelBocasdelMar\/","https:\/\/www.instagram.com\/hotelbocasdelmar\/","https:\/\/www.youtube.com\/channel\/UC1jBRj_JqB7hJYwg4kpux8w"]}]}},"_links":{"self":[{"href":"https:\/\/www.bocasdelmar.com\/de\/wp-json\/wp\/v2\/pages\/3644","targetHints":{"allow":["GET"]}}],"collection":[{"href":"https:\/\/www.bocasdelmar.com\/de\/wp-json\/wp\/v2\/pages"}],"about":[{"href":"https:\/\/www.bocasdelmar.com\/de\/wp-json\/wp\/v2\/types\/page"}],"author":[{"embeddable":true,"href":"https:\/\/www.bocasdelmar.com\/de\/wp-json\/wp\/v2\/users\/3"}],"replies":[{"embeddable":true,"href":"https:\/\/www.bocasdelmar.com\/de\/wp-json\/wp\/v2\/comments?post=3644"}],"version-history":[{"count":0,"href":"https:\/\/www.bocasdelmar.com\/de\/wp-json\/wp\/v2\/pages\/3644\/revisions"}],"wp:attachment":[{"href":"https:\/\/www.bocasdelmar.com\/de\/wp-json\/wp\/v2\/media?parent=3644"}],"curies":[{"name":"wp","href":"https:\/\/api.w.org\/{rel}","templated":true}]}}